{"id":722,"date":"2009-09-01T16:38:13","date_gmt":"2009-09-01T19:38:13","guid":{"rendered":"http:\/\/sinaisdagente.com\/blog\/?page_id=722"},"modified":"2009-09-22T20:44:04","modified_gmt":"2009-09-22T23:44:04","slug":"mapas","status":"publish","type":"page","link":"http:\/\/sinaisdagente.com\/blog\/?page_id=722","title":{"rendered":"links"},"content":{"rendered":"<h2 style=\"text-align: center;\"><strong>[-Amaz\u00f3nia indispens\u00e1vel-]<\/strong><strong> <\/strong><\/h2>\n<p style=\"text-align: center;\">\n<p style=\"text-align: center;\"><strong>-Pesquisa e Projectos-<\/strong><\/p>\n<p style=\"text-align: center;\"><strong><br \/>\n<\/strong>\n<\/p>\n<p style=\"text-align: justify;\"><strong><a href=\"http:\/\/www.inpa.gov.br\/\" target=\"_blank\">&#8211; Instituto Nacional de Pesquisas da Amaz\u00f3nia &#8211; <\/a><\/strong>Organismo do Minist\u00e9rio da Ci\u00eancia         e Tecnologia com o objectivo de realizar o estudo cient\u00edfico do         meio f\u00edsico e das condi\u00e7\u00f5es de vida da regi\u00e3o         amaz\u00f4nica, tendo em vista o bem estar humano e a cultura,         a economia e da seguran\u00e7a nacional.<\/p>\n<p><em><strong>Contactos<\/strong><\/em><\/p>\n<p>Av. Andr\u00e9 Ara\u00fajo, 2936,<\/p>\n<p>Aleixo, CEP 69060-001,<\/p>\n<p>Manaus &#8211; AM,<\/p>\n<p>Tlf.: (92) 3643-3377<\/p>\n<p style=\"text-align: justify;\">\n<p style=\"text-align: justify;\">.<\/p>\n<p style=\"text-align: justify;\"><strong><a href=\"http:\/\/www.peabiru.org.br\/2008\/\" target=\"_blank\">&#8211; Instituto Peabiru &#8211;<\/a><\/strong> Ecoturismo e  conserva\u00e7\u00e3o da biosociodiversidade da Amaz\u00f3nia.<\/p>\n<p style=\"text-align: justify;\"><em><strong>Contactos<\/strong><\/em><\/p>\n<p style=\"text-align: justify;\">Travessa Ruy Barbosa,  555<\/p>\n<p style=\"text-align: justify;\">Reduto Bel\u00e9m Par\u00e1 Brasil 66053-260 t<\/p>\n<p style=\"text-align: justify;\"><strong>tlf.: 55 91 3222 6000<\/strong> &#8211; <a title=\"Envie um e-mail para o Peabiru\" href=\"mailto:peabiru@peabiru.org.br\">peabiru@peabiru.org.br<\/a><\/p>\n<p style=\"text-align: justify;\">\n<p style=\"text-align: justify;\">.<\/p>\n<p><strong><a href=\"http:\/\/www.fas-amazonas.org\/pt\/\" target=\"_blank\">&#8211; Funda\u00e7\u00e3o Amazonas Sustent\u00e1vel<\/a> &#8211;<\/strong> ONG de  conserva\u00e7\u00e3o ambiental e  melhoria da qualidade de vida das comunidades moradoras e usu\u00e1rias das unidades de conserva\u00e7\u00e3o no Estado do Amazonas.<\/p>\n<p style=\"text-align: left;\"><em><strong>Contactos<\/strong><\/em><\/p>\n<p>Rua \u00c1lvaro Braga, 351<br \/>\nParque Dez de Novembro<br \/>\nManaus &#8211; AM | 69055-660<br \/>\nTel: (92) 4009-8900<\/p>\n<p>.<\/p>\n<p style=\"text-align: justify;\"><a href=\"http:\/\/www.socioambiental.org\/\" target=\"_self\"><strong>&#8211; Instituto S\u00f3cio-ambiental &#8211;<\/strong><\/a> Associa\u00e7\u00e3o independente com o objectivo defender os bens e direitos sociais, coletivos e difusos relativos ao meio ambiente, ao patrim\u00f4nio cultural, aos direitos humanos e dos povos.<\/p>\n<p><em><strong>Contactos<\/strong><\/em><\/p>\n<p><strong> <\/strong> Rua Costa Azevedo n\u00b0. 272<br \/>\n1\u00b0 andar &#8211; Largo do Teatro &#8211; Centro<br \/>\n69010-230                    Manaus &#8211; AM<br \/>\nTel\/Fax: 0 xx 92 3631-1244<br \/>\nTel: 0 xx 92 3633-5502<br \/>\n<a href=\"mailto:isamao@socioambiental.org\">isamao@socioambiental.org<\/a><\/p>\n<p>.<\/p>\n<p><a href=\"http:\/\/www.reporterbrasil.com.br\/\" target=\"_blank\"><strong>&#8211; Rep\u00f3rter Brasil <\/strong><\/a>&#8211; ONG de Jornalismo Social, Comunica\u00e7\u00e3o e Educa\u00e7\u00e3o, Centro de Monitoramento de Agrocombust\u00edveis, Combate ao trabalho escravo.<\/p>\n<p><em><strong>Contactos<\/strong><\/em><\/p>\n<p><strong>S\u00e3o Paulo<br \/>\n<\/strong>Rua Coronel Firmo da Silva, 282, S\u00e3o Paulo-SP, CEP 01255-040<br \/>\nTelefones: (11) 2506-6570, 2506-6562, 2506-6576 E 2506-6574<\/p>\n<p><strong>Tocantins<\/strong><br \/>\nRua Porto Alegre, 446, Bairro S\u00e3o Jo\u00e3o, Aragua\u00edna (TO), CEP 77807-070<\/p>\n<p>.<\/p>\n<p><strong>&#8211; <a href=\"http:\/\/www.unicef.org\/brazil\/pt\/\" target=\"_blank\">Fundo das Na\u00e7\u00f5es Unidas para a Inf\u00e2ncia (UNICEF)<\/a> &#8211; <\/strong><\/p>\n<p style=\"text-align: justify;\">Organismo\u00a0 das Na\u00e7\u00f5es Unidas voltado para as quest\u00f5es da inf\u00e2ncia. No Brasil os projectos v\u00e3o desde a \u00e1rea de sa\u00fade, \u00e0 educa\u00e7\u00e3o e forma\u00e7\u00e3o de multiplicadores para, por exemplo, reduzir a mortalidade infantil.<strong> <\/strong><\/p>\n<p><strong>.<\/strong><\/p>\n<p style=\"text-align: justify;\"><a href=\"http:\/\/www.ibama.gov.br\/\"><strong>Instituto Brasileiro do Meio Ambiente e dos Recursos Naturais Renov\u00e1veis (Ibama)<\/strong><\/a><\/p>\n<p>Organismo tutelado pelo Minist\u00e9rio do Meio Ambiente com o objectivo de exercer o poder de pol\u00edcia ambiental; executar a\u00e7\u00f5es das pol\u00edticas nacionais de meio ambiente, referentes \u00e0s atribui\u00e7\u00f5es federais, relativas ao licenciamento ambiental, ao controle da qualidade ambiental, \u00e0 autoriza\u00e7\u00e3o de uso dos recursos naturais e \u00e0 fiscaliza\u00e7\u00e3o, monitoramento e controle ambiental; e executar as a\u00e7\u00f5es supletivas de compet\u00eancia da Uni\u00e3o de conformidade com a legisla\u00e7\u00e3o ambiental vigente.<\/p>\n<p><em><strong>Contactos<\/strong><\/em><\/p>\n<p>Ibama no Par\u00e1<br \/>\nAvenida Conselheiro Furtado, n\u00ba 1303, Batista Campos<br \/>\n66035-350 Bel\u00e9m &#8211; PA<br \/>\nTel: (91) 3323-4500<br \/>\nFax: (91) 3323-4505\/4508<br \/>\ne-mail: paulo.diniz@ibama.gov.br<\/p>\n<p>Ibama em Santar\u00e9m<br \/>\nAvenida Tapaj\u00f3s, n\u00ba 2.267 \u2013 Laguinho<br \/>\n68010-000 Santar\u00e9m \u2013 PA<br \/>\nTel: (93) 3522-3032 (gabinete), 3523-2815, 3522-2847 e 3522-1444<br \/>\nFax: (93) 3522-3370<br \/>\ne-mail: poliana.magalhaes@ibama.gov.br<\/p>\n<p>Ibama no Amazonas Substituto<br \/>\nRua Ministro Jo\u00e3o Gon\u00e7alves de Souza, s\/n\u00ba &#8211; Km 01- Br 319, Distrito Industrial<br \/>\n69075-830 Manaus \u2013 AM<br \/>\nTel: (92) 3613-3080, 3613-3094, 3613-3096, 3613-3277 e 3613-3261<br \/>\nDisk Den\u00fancia: (92) 3613-3081<br \/>\nFax: (92) 3613-3095<br \/>\ne-mail: mario.reis@ibama.gov.br<br \/>\ne-mail: gabinete.am@ibama.gov.br<\/p>\n<p><strong><a href=\"http:\/\/www.pnud.org.br\/home\/\">Programa das Na\u00e7\u00f5es Unidas para o Desenvolvimento (PNUD) &#8211;<\/a><\/strong><\/p>\n<p><strong><br \/>\n<\/strong><\/p>\n<p><strong>.<br \/>\n<\/strong><\/p>\n<p><strong><a href=\"http:\/\/www.inpe.br\/\">-Instituto Nacional de Pesquisas Espaciais &#8211;<\/a> <\/strong><\/p>\n<p>Organismo tutelado pelo Minist\u00e9rio da Ci\u00eancia e Tecnologia do Brasil com o objectivo a pesquisa e produ\u00e7\u00e1o de solu\u00e7\u00f5es espaciais e de ambiente terrestre.<\/p>\n<p><strong>Contactos<\/strong><\/p>\n<p><span><em> <\/em><em>Av dos Astronautas, 1.758<br \/>\nJd. Granja &#8211; CEP: 12227-010<br \/>\nS\u00e3o Jos\u00e9 dos Campos &#8211; SP<br \/>\nBrasil<br \/>\nTel: 55 (12) 3945-6000<\/em><\/span><\/p>\n<p><span><em> <\/em><em>.<br \/>\n<\/em><\/span><\/p>\n<p><a href=\"http:\/\/www.imazon.org.br\" target=\"_blank\"> <strong>-Instituto do Meio Ambiente da Amaz\u00f3nia (Imazon) &#8211; <\/strong><\/a>Instituto de pesquisa sobre a Amaz\u00f3nia com o objectivo de realizar diagn\u00f3sticos s\u00f3cio-econ\u00f3micos dos usos do solo na Amaz\u00f3nia, desenvolvimento de m\u00e9todos para avalia\u00e7\u00e3o e monitoramente desses usos; an\u00e1lise de pol\u00edticas p\u00fablicas de uso do solo; e elabora\u00e7\u00e3o de cen\u00e1rios e modelos de desenvolvimento sustent\u00e1vel para essas actividades econ\u00f3micas.<\/p>\n<p><strong>Contactos<\/strong><\/p>\n<p><span>Rua Domingos Marreiros, 2020 &#8211; <\/span><\/p>\n<p><span>F\u00e1tima &#8211; Bel\u00e9m-PA &#8211; CEP 66.060-160, <\/span><\/p>\n<p><span>Tlf.: +55 11 91 3182-4000<\/span><\/p>\n<p><span>E-mail: imazon@imazon.org.br<\/span><\/p>\n<p><span><a href=\"http:\/\/www.wwf.org.br\"><strong>&#8211; Uni\u00e3o Internacional para a Conserva\u00e7\u00e3o da Natureza (<\/strong><\/a><\/span><a href=\"http:\/\/www.wwf.org.br\"><em>World<\/em> Wildlife Fund &#8211; <\/a><span><a href=\"http:\/\/www.wwf.org.br\"><strong>WWF)<\/strong><\/a> &#8211; <\/span>ONG  n\u00e3o-governamental brasileira dedicada \u00e0 conserva\u00e7\u00e3o da natureza:  biodiversidade e promover o uso racional dos recursos naturais em benef\u00edcio dos cidad\u00e3os de hoje e das futuras gera\u00e7\u00f5es.<\/p>\n<p><em><strong>Contactos<\/strong><\/em><\/p>\n<div>\n<p><strong>WWF Brazil,  Manaus,  AM<\/strong><\/p>\n<p><span> <span>Rua das Violetas n\u00ba 82 &#8211; Q\/S &#8211; Conjunto Tiradentes Aleixo &#8211; 69083-340 Manaus &#8211; AM<\/span> <span>Brazil<\/span> <\/span> <span>+55 92 3644 3844<\/span><\/p>\n<div>\n<p><strong>WWF Brazil,  Bel\u00e9m,  PA<\/strong><\/p>\n<p><span> <span>Alameda 51 Conjunto Ita\u00faba &#8211; casa 19A &#8211; Bairro Pedreira Bel\u00e9m\/PA.<\/span> <span>Brazil<\/span> <\/span> <span>+55 91 32425106<\/span><\/div>\n<\/div>\n<p><a href=\"http:\/\/www.currovelho.pa.gov.br\/\"><strong>Funda\u00e7\u00e3o Curro Velho<\/strong> &#8211; <\/a><\/p>\n<p><em><strong>Contactos<\/strong><\/em><\/p>\n<p><strong>Rua Prof. Nelson Ribeiro, 287 &#8211; Tel\u00e9grafo<br \/>\nBel\u00e9m-PA &#8211; CEP: 66113-070<\/strong><\/p>\n<div><strong>Fone: (91) 3184-9100<br \/>\nFax: (91) 3184-9109<br \/>\nEmail: <a href=\"mailto:fcvgabinete@gmail.com\">fcvgabinete@gmail.com<\/a><\/strong><\/div>\n<p>.<\/p>\n<p style=\"text-align: center;\"><strong>[.Not\u00edcias e Document\u00e1rios.]<\/strong><\/p>\n<p><a href=\"http:\/\/portalamazonia.globo.com\/\" target=\"_blank\">&#8211; Portal da Amaz\u00f3nia &#8211; <\/a>Ag\u00eancia de Not\u00edcias sobre a Amaz\u00f3nia.<\/p>\n<p><a href=\"http:\/\/www.globoamazonia.com\/\" target=\"_blank\">-Globo Amaz\u00f3nia <\/a>&#8211; Site de informa\u00e7\u00e3o jornal\u00edstica sobre a Amaz\u00f3nia.<\/p>\n<p><a href=\"http:\/\/www.amazonia.org.br\/\">&#8211; Amaz\u00f3nia.org &#8211; <\/a>Ag\u00eancia de Not\u00edcias sobre a Amaz\u00f3nia.<\/p>\n<p><span><a href=\"http:\/\/www.tvnavegar.com.br\/\">&#8211; TV, Navegar Amaz\u00f3nia &#8211;<\/a> projecto do cineasta Jorge Bodanzky.<br \/>\n<\/span><\/p>\n<div class=\"linkwithin_hook\" id=\"http:\/\/sinaisdagente.com\/blog\/?page_id=722\"><\/div><script>\n<!-- \/\/LinkWithinCodeStart\nvar linkwithin_site_id = 197359;\nvar linkwithin_div_class = \"linkwithin_hook\";\n\/\/LinkWithinCodeEnd -->\n<\/script>\n<script src=\"http:\/\/www.linkwithin.com\/widget.js\"><\/script>\n<a href=\"http:\/\/www.linkwithin.com\/\"><img decoding=\"async\" src=\"http:\/\/www.linkwithin.com\/pixel.png\" alt=\"Related Posts with Thumbnails\" style=\"border: 0\" \/><\/a><script type=\"text\/javascript\">AKPC_IDS += \"722,\";<\/script>","protected":false},"excerpt":{"rendered":"<p>[-Amaz\u00f3nia indispens\u00e1vel-] -Pesquisa e Projectos- &#8211; Instituto Nacional de Pesquisas da Amaz\u00f3nia &#8211; Organismo do Minist\u00e9rio da Ci\u00eancia e Tecnologia com o objectivo de realizar o estudo cient\u00edfico do meio f\u00edsico e das condi\u00e7\u00f5es de vida da regi\u00e3o amaz\u00f4nica, tendo em vista o bem estar humano e a cultura, a economia e da seguran\u00e7a nacional. [&hellip;]<\/p>\n<script>\n<!-- \/\/LinkWithinCodeStart\nvar linkwithin_site_id = 197359;\nvar linkwithin_div_class = \"linkwithin_hook\";\n\/\/LinkWithinCodeEnd -->\n<\/script>\n<script src=\"http:\/\/www.linkwithin.com\/widget.js\"><\/script>\n<a href=\"http:\/\/www.linkwithin.com\/\"><img decoding=\"async\" src=\"http:\/\/www.linkwithin.com\/pixel.png\" alt=\"Related Posts with Thumbnails\" style=\"border: 0\" \/><\/a>","protected":false},"author":1,"featured_media":0,"parent":0,"menu_order":0,"comment_status":"closed","ping_status":"closed","template":"","meta":{"footnotes":""},"_links":{"self":[{"href":"http:\/\/sinaisdagente.com\/blog\/index.php?rest_route=\/wp\/v2\/pages\/722"}],"collection":[{"href":"http:\/\/sinaisdagente.com\/blog\/index.php?rest_route=\/wp\/v2\/pages"}],"about":[{"href":"http:\/\/sinaisdagente.com\/blog\/index.php?rest_route=\/wp\/v2\/types\/page"}],"author":[{"embeddable":true,"href":"http:\/\/sinaisdagente.com\/blog\/index.php?rest_route=\/wp\/v2\/users\/1"}],"replies":[{"embeddable":true,"href":"http:\/\/sinaisdagente.com\/blog\/index.php?rest_route=%2Fwp%2Fv2%2Fcomments&post=722"}],"version-history":[{"count":23,"href":"http:\/\/sinaisdagente.com\/blog\/index.php?rest_route=\/wp\/v2\/pages\/722\/revisions"}],"predecessor-version":[{"id":724,"href":"http:\/\/sinaisdagente.com\/blog\/index.php?rest_route=\/wp\/v2\/pages\/722\/revisions\/724"}],"wp:attachment":[{"href":"http:\/\/sinaisdagente.com\/blog\/index.php?rest_route=%2Fwp%2Fv2%2Fmedia&parent=722"}],"curies":[{"name":"wp","href":"https:\/\/api.w.org\/{rel}","templated":true}]}}