{"id":52,"date":"2009-08-18T21:05:57","date_gmt":"2009-08-19T00:05:57","guid":{"rendered":"http:\/\/sinaisdagente.com\/blog\/?page_id=52"},"modified":"2011-06-03T12:40:13","modified_gmt":"2011-06-03T15:40:13","slug":"dna","status":"publish","type":"page","link":"http:\/\/sinaisdagente.com\/blog\/?page_id=52","title":{"rendered":"quem somos"},"content":{"rendered":"<p><a href=\"http:\/\/sinaisdagente.com\/blog\/wp-content\/uploads\/vanessa4.jpg\"><img loading=\"lazy\" decoding=\"async\" class=\"alignleft size-full wp-image-687\" title=\"vanessa\" src=\"http:\/\/sinaisdagente.com\/blog\/wp-content\/uploads\/vanessa4.jpg\" alt=\"vanessa\" width=\"67\" height=\"50\" \/><\/a><a href=\"http:\/\/www.almadeviajante.com\/autores\/vanessa-rodrigues.php\"><strong>Vanessa Rodrigues. <\/strong><\/a>Jornalista. A reinventar a cor da linguagem. Em S\u00e3o Paulo, Brasil, desde 2006. O Porto \u00e9 o ber\u00e7o, em Portugal. Com o Sinais da Gente foi um pouco mais n\u00f3mada, ao leme de um projecto pessoal, a mil n\u00f3s profissionais, e que nasceu da vontade de retratar um Brasil desconhecido, que tamb\u00e9m \u00e9 o de um Portugal imenso. Agora segue para outras geografias. A seguir azimutes improvisados, no balan\u00e7o dos sentidos e das geografias com cheiro a terra.<br \/>\n(Fotografias, v\u00eddeos, textos, \u00e1udio)<\/p>\n<p><a href=\"http:\/\/sinaisdagente.com\/blog\/wp-content\/uploads\/pedro.jpg\"><img loading=\"lazy\" decoding=\"async\" class=\"alignleft size-full wp-image-689\" title=\"pedro\" src=\"http:\/\/sinaisdagente.com\/blog\/wp-content\/uploads\/pedro.jpg\" alt=\"pedro\" width=\"67\" height=\"50\" \/><\/a><em> <\/em><\/p>\n<p><em>A viagem pela Amaz\u00f3nia brasileira teve a colabora\u00e7\u00e3o log\u00edstica e fotogr\u00e1fica<\/em> de<strong> Pedro Mota<\/strong>. Fot\u00f3grafo. Nasceu no Porto, em Portugal, viveu em Cabo Verde.<\/p>\n<div class=\"linkwithin_hook\" id=\"http:\/\/sinaisdagente.com\/blog\/?page_id=52\"><\/div><script>\n<!-- \/\/LinkWithinCodeStart\nvar linkwithin_site_id = 197359;\nvar linkwithin_div_class = \"linkwithin_hook\";\n\/\/LinkWithinCodeEnd -->\n<\/script>\n<script src=\"http:\/\/www.linkwithin.com\/widget.js\"><\/script>\n<a href=\"http:\/\/www.linkwithin.com\/\"><img decoding=\"async\" src=\"http:\/\/www.linkwithin.com\/pixel.png\" alt=\"Related Posts with Thumbnails\" style=\"border: 0\" \/><\/a><script type=\"text\/javascript\">AKPC_IDS += \"52,\";<\/script>","protected":false},"excerpt":{"rendered":"<p>Vanessa Rodrigues. Jornalista. A reinventar a cor da linguagem. Em S\u00e3o Paulo, Brasil, desde 2006. O Porto \u00e9 o ber\u00e7o, em Portugal. Com o Sinais da Gente foi um pouco mais n\u00f3mada, ao leme de um projecto pessoal, a mil n\u00f3s profissionais, e que nasceu da vontade de retratar um Brasil desconhecido, que tamb\u00e9m \u00e9 [&hellip;]<\/p>\n<script>\n<!-- \/\/LinkWithinCodeStart\nvar linkwithin_site_id = 197359;\nvar linkwithin_div_class = \"linkwithin_hook\";\n\/\/LinkWithinCodeEnd -->\n<\/script>\n<script src=\"http:\/\/www.linkwithin.com\/widget.js\"><\/script>\n<a href=\"http:\/\/www.linkwithin.com\/\"><img decoding=\"async\" src=\"http:\/\/www.linkwithin.com\/pixel.png\" alt=\"Related Posts with Thumbnails\" style=\"border: 0\" \/><\/a>","protected":false},"author":1,"featured_media":0,"parent":0,"menu_order":0,"comment_status":"closed","ping_status":"closed","template":"","meta":{"footnotes":""},"_links":{"self":[{"href":"http:\/\/sinaisdagente.com\/blog\/index.php?rest_route=\/wp\/v2\/pages\/52"}],"collection":[{"href":"http:\/\/sinaisdagente.com\/blog\/index.php?rest_route=\/wp\/v2\/pages"}],"about":[{"href":"http:\/\/sinaisdagente.com\/blog\/index.php?rest_route=\/wp\/v2\/types\/page"}],"author":[{"embeddable":true,"href":"http:\/\/sinaisdagente.com\/blog\/index.php?rest_route=\/wp\/v2\/users\/1"}],"replies":[{"embeddable":true,"href":"http:\/\/sinaisdagente.com\/blog\/index.php?rest_route=%2Fwp%2Fv2%2Fcomments&post=52"}],"version-history":[{"count":35,"href":"http:\/\/sinaisdagente.com\/blog\/index.php?rest_route=\/wp\/v2\/pages\/52\/revisions"}],"predecessor-version":[{"id":85,"href":"http:\/\/sinaisdagente.com\/blog\/index.php?rest_route=\/wp\/v2\/pages\/52\/revisions\/85"}],"wp:attachment":[{"href":"http:\/\/sinaisdagente.com\/blog\/index.php?rest_route=%2Fwp%2Fv2%2Fmedia&parent=52"}],"curies":[{"name":"wp","href":"https:\/\/api.w.org\/{rel}","templated":true}]}}