{"id":1464,"date":"2011-06-03T11:13:10","date_gmt":"2011-06-03T14:13:10","guid":{"rendered":"http:\/\/sinaisdagente.com\/blog\/?page_id=1464"},"modified":"2011-06-03T11:14:16","modified_gmt":"2011-06-03T14:14:16","slug":"sao-tome-e-principe","status":"publish","type":"page","link":"http:\/\/sinaisdagente.com\/blog\/?page_id=1464","title":{"rendered":"s. tom\u00e9 e pr\u00edncipe"},"content":{"rendered":"<p style=\"text-align: justify;\">As ilhas de <a href=\"http:\/\/www.almadeviajante.com\/viagens\/saotome-principe\/\">S\u00e3o Tom\u00e9 e Pr\u00edncipe<\/a> est\u00e3o situadas na regi\u00e3o equatorial do Atl\u00e2ntico, a cerca de 300 e 250  km, respectivamente, ao largo da costa nordeste do Gab\u00e3o. \u00c9 um pa\u00eds  insular, sem fronteiras terrestres, mas situa-se relativamente pr\u00f3ximo  das costas do Gab\u00e3o, Guin\u00e9 Equatorial, Camar\u00f5es e Nig\u00e9ria. \u00c9 o menor  pa\u00eds africano composto por duas ilhas principais: S\u00e3o Tom\u00e9, com capital  com o mesmo nome, e Pr\u00edncipe. Fazem parte da cordilheira de um vulc\u00e3o  extinto, de onde vem a sua origem.<\/p>\n<div class=\"linkwithin_hook\" id=\"http:\/\/sinaisdagente.com\/blog\/?page_id=1464\"><\/div><script>\n<!-- \/\/LinkWithinCodeStart\nvar linkwithin_site_id = 197359;\nvar linkwithin_div_class = \"linkwithin_hook\";\n\/\/LinkWithinCodeEnd -->\n<\/script>\n<script src=\"http:\/\/www.linkwithin.com\/widget.js\"><\/script>\n<a href=\"http:\/\/www.linkwithin.com\/\"><img decoding=\"async\" src=\"http:\/\/www.linkwithin.com\/pixel.png\" alt=\"Related Posts with Thumbnails\" style=\"border: 0\" \/><\/a><script type=\"text\/javascript\">AKPC_IDS += \"1464,\";<\/script>","protected":false},"excerpt":{"rendered":"<p>As ilhas de S\u00e3o Tom\u00e9 e Pr\u00edncipe est\u00e3o situadas na regi\u00e3o equatorial do Atl\u00e2ntico, a cerca de 300 e 250 km, respectivamente, ao largo da costa nordeste do Gab\u00e3o. \u00c9 um pa\u00eds insular, sem fronteiras terrestres, mas situa-se relativamente pr\u00f3ximo das costas do Gab\u00e3o, Guin\u00e9 Equatorial, Camar\u00f5es e Nig\u00e9ria. \u00c9 o menor pa\u00eds africano composto [&hellip;]<\/p>\n<script>\n<!-- \/\/LinkWithinCodeStart\nvar linkwithin_site_id = 197359;\nvar linkwithin_div_class = \"linkwithin_hook\";\n\/\/LinkWithinCodeEnd -->\n<\/script>\n<script src=\"http:\/\/www.linkwithin.com\/widget.js\"><\/script>\n<a href=\"http:\/\/www.linkwithin.com\/\"><img decoding=\"async\" src=\"http:\/\/www.linkwithin.com\/pixel.png\" alt=\"Related Posts with Thumbnails\" style=\"border: 0\" \/><\/a>","protected":false},"author":1,"featured_media":0,"parent":1377,"menu_order":0,"comment_status":"closed","ping_status":"open","template":"","meta":{"footnotes":""},"_links":{"self":[{"href":"http:\/\/sinaisdagente.com\/blog\/index.php?rest_route=\/wp\/v2\/pages\/1464"}],"collection":[{"href":"http:\/\/sinaisdagente.com\/blog\/index.php?rest_route=\/wp\/v2\/pages"}],"about":[{"href":"http:\/\/sinaisdagente.com\/blog\/index.php?rest_route=\/wp\/v2\/types\/page"}],"author":[{"embeddable":true,"href":"http:\/\/sinaisdagente.com\/blog\/index.php?rest_route=\/wp\/v2\/users\/1"}],"replies":[{"embeddable":true,"href":"http:\/\/sinaisdagente.com\/blog\/index.php?rest_route=%2Fwp%2Fv2%2Fcomments&post=1464"}],"version-history":[{"count":4,"href":"http:\/\/sinaisdagente.com\/blog\/index.php?rest_route=\/wp\/v2\/pages\/1464\/revisions"}],"predecessor-version":[{"id":1468,"href":"http:\/\/sinaisdagente.com\/blog\/index.php?rest_route=\/wp\/v2\/pages\/1464\/revisions\/1468"}],"up":[{"embeddable":true,"href":"http:\/\/sinaisdagente.com\/blog\/index.php?rest_route=\/wp\/v2\/pages\/1377"}],"wp:attachment":[{"href":"http:\/\/sinaisdagente.com\/blog\/index.php?rest_route=%2Fwp%2Fv2%2Fmedia&parent=1464"}],"curies":[{"name":"wp","href":"https:\/\/api.w.org\/{rel}","templated":true}]}}