{"id":1381,"date":"2010-05-01T11:28:56","date_gmt":"2010-05-01T14:28:56","guid":{"rendered":"http:\/\/sinaisdagente.com\/blog\/?page_id=1381"},"modified":"2010-05-01T11:35:02","modified_gmt":"2010-05-01T14:35:02","slug":"amazonia-brasileira","status":"publish","type":"page","link":"http:\/\/sinaisdagente.com\/blog\/?page_id=1381","title":{"rendered":"amaz\u00f3nia"},"content":{"rendered":"<p><a href=\"http:\/\/sinaisdagente.com\/blog\/wp-content\/uploads\/selva.jpg\"><img loading=\"lazy\" decoding=\"async\" class=\"alignleft size-full wp-image-1359\" title=\"selva\" src=\"http:\/\/sinaisdagente.com\/blog\/wp-content\/uploads\/selva.jpg\" alt=\"selva\" width=\"180\" height=\"120\" \/><\/a><\/p>\n<p><em>De Bel\u00e9m a Manaus foram quatro meses, de Agosto a Dezembro de 2009, de v\u00e1rias Amaz\u00f3nias&#8230;<\/em><\/p>\n<p><em><br \/>\n<\/em><\/p>\n<div class=\"linkwithin_hook\" id=\"http:\/\/sinaisdagente.com\/blog\/?page_id=1381\"><\/div><script>\n<!-- \/\/LinkWithinCodeStart\nvar linkwithin_site_id = 197359;\nvar linkwithin_div_class = \"linkwithin_hook\";\n\/\/LinkWithinCodeEnd -->\n<\/script>\n<script src=\"http:\/\/www.linkwithin.com\/widget.js\"><\/script>\n<a href=\"http:\/\/www.linkwithin.com\/\"><img decoding=\"async\" src=\"http:\/\/www.linkwithin.com\/pixel.png\" alt=\"Related Posts with Thumbnails\" style=\"border: 0\" \/><\/a><script type=\"text\/javascript\">AKPC_IDS += \"1381,\";<\/script>","protected":false},"excerpt":{"rendered":"<p>De Bel\u00e9m a Manaus foram quatro meses, de Agosto a Dezembro de 2009, de v\u00e1rias Amaz\u00f3nias&#8230;<\/p>\n<script>\n<!-- \/\/LinkWithinCodeStart\nvar linkwithin_site_id = 197359;\nvar linkwithin_div_class = \"linkwithin_hook\";\n\/\/LinkWithinCodeEnd -->\n<\/script>\n<script src=\"http:\/\/www.linkwithin.com\/widget.js\"><\/script>\n<a href=\"http:\/\/www.linkwithin.com\/\"><img decoding=\"async\" src=\"http:\/\/www.linkwithin.com\/pixel.png\" alt=\"Related Posts with Thumbnails\" style=\"border: 0\" \/><\/a>","protected":false},"author":1,"featured_media":0,"parent":1377,"menu_order":0,"comment_status":"closed","ping_status":"closed","template":"","meta":{"footnotes":""},"_links":{"self":[{"href":"http:\/\/sinaisdagente.com\/blog\/index.php?rest_route=\/wp\/v2\/pages\/1381"}],"collection":[{"href":"http:\/\/sinaisdagente.com\/blog\/index.php?rest_route=\/wp\/v2\/pages"}],"about":[{"href":"http:\/\/sinaisdagente.com\/blog\/index.php?rest_route=\/wp\/v2\/types\/page"}],"author":[{"embeddable":true,"href":"http:\/\/sinaisdagente.com\/blog\/index.php?rest_route=\/wp\/v2\/users\/1"}],"replies":[{"embeddable":true,"href":"http:\/\/sinaisdagente.com\/blog\/index.php?rest_route=%2Fwp%2Fv2%2Fcomments&post=1381"}],"version-history":[{"count":5,"href":"http:\/\/sinaisdagente.com\/blog\/index.php?rest_route=\/wp\/v2\/pages\/1381\/revisions"}],"predecessor-version":[{"id":1386,"href":"http:\/\/sinaisdagente.com\/blog\/index.php?rest_route=\/wp\/v2\/pages\/1381\/revisions\/1386"}],"up":[{"embeddable":true,"href":"http:\/\/sinaisdagente.com\/blog\/index.php?rest_route=\/wp\/v2\/pages\/1377"}],"wp:attachment":[{"href":"http:\/\/sinaisdagente.com\/blog\/index.php?rest_route=%2Fwp%2Fv2%2Fmedia&parent=1381"}],"curies":[{"name":"wp","href":"https:\/\/api.w.org\/{rel}","templated":true}]}}